{"id":11492,"date":"2023-11-28T13:56:27","date_gmt":"2023-11-28T16:56:27","guid":{"rendered":"https:\/\/www.expotransporteperu.com\/?page_id=11492"},"modified":"2023-11-28T13:58:16","modified_gmt":"2023-11-28T16:58:16","slug":"tour-a-paracas","status":"publish","type":"page","link":"https:\/\/www.expotransporteperu.com\/index.php\/tour-a-paracas\/","title":{"rendered":"Tour a Paracas"},"content":{"rendered":"\t\t<div data-elementor-type=\"wp-page\" data-elementor-id=\"11492\" class=\"elementor elementor-11492\" data-elementor-post-type=\"page\">\n\t\t\t\t<div class=\"elementor-element elementor-element-0ae96a6 e-flex e-con-boxed e-con e-parent\" data-id=\"0ae96a6\" data-element_type=\"container\" data-e-type=\"container\">\n\t\t\t\t\t<div class=\"e-con-inner\">\n\t\t<div class=\"elementor-element elementor-element-58db670 e-con-full e-flex e-con e-child\" data-id=\"58db670\" data-element_type=\"container\" data-e-type=\"container\" data-settings=\"{&quot;background_background&quot;:&quot;classic&quot;}\">\n\t\t\t\t<\/div>\n\t\t<div class=\"elementor-element elementor-element-1e07f89 e-con-full e-flex e-con e-child\" data-id=\"1e07f89\" data-element_type=\"container\" data-e-type=\"container\">\n\t\t\t\t<div class=\"elementor-element elementor-element-23bddec elementor-widget elementor-widget-text-editor\" data-id=\"23bddec\" data-element_type=\"widget\" data-e-type=\"widget\" data-widget_type=\"text-editor.default\">\n\t\t\t\t<div class=\"elementor-widget-container\">\n\t\t\t\t\t\t\t\t\t<h3>Dia 1 Lima \/ Paracas<\/h3><ul><li>Traslado desde hotel hasta estaci\u00f3n de buses.<\/li><li>Bus Cruz del Sur a Paracas.<\/li><li>Llegada y tour de la reserva nacional de Paracas y el Museo Julio C. Tello.<\/li><li>Se incluyen los traslados de llegada, al tur, gu\u00eda y entradas.<\/li><li>Traslado al hotel.<\/li><li>Resto del d\u00eda libre. Pernocte en DoubleTree by Hilton Paracas en suite vista al jardin<\/li><\/ul>\t\t\t\t\t\t\t\t<\/div>\n\t\t\t\t<\/div>\n\t\t\t\t<\/div>\n\t\t\t\t\t<\/div>\n\t\t\t\t<\/div>\n\t\t<div class=\"elementor-element elementor-element-0d6560e e-flex e-con-boxed e-con e-parent\" data-id=\"0d6560e\" data-element_type=\"container\" data-e-type=\"container\">\n\t\t\t\t\t<div class=\"e-con-inner\">\n\t\t<div class=\"elementor-element elementor-element-1685491 e-con-full e-flex e-con e-child\" data-id=\"1685491\" data-element_type=\"container\" data-e-type=\"container\">\n\t\t\t\t<div class=\"elementor-element elementor-element-8b3e2e1 elementor-widget elementor-widget-text-editor\" data-id=\"8b3e2e1\" data-element_type=\"widget\" data-e-type=\"widget\" data-widget_type=\"text-editor.default\">\n\t\t\t\t<div class=\"elementor-widget-container\">\n\t\t\t\t\t\t\t\t\t<h3>D\u00eda 2 Paracas \/ Lima<\/h3><ul><li>Desayuno en el hotel incluido en la tarifa de alojamiento.<\/li><li>A las 07:30 am, traslado al muelle de Pisco para tour a las Islas Ballestas.<\/li><li>Retorno a tierra firme y al hotel para check out.<\/li><li>Traslado a Cruz del Sur para tomar bus de retorno a Lima.<\/li><li>A la llegada a Lima, traslado a su hotel.<\/li><\/ul>\t\t\t\t\t\t\t\t<\/div>\n\t\t\t\t<\/div>\n\t\t\t\t<\/div>\n\t\t<div class=\"elementor-element elementor-element-978dfcc e-con-full e-flex e-con e-child\" data-id=\"978dfcc\" data-element_type=\"container\" data-e-type=\"container\" data-settings=\"{&quot;background_background&quot;:&quot;classic&quot;}\">\n\t\t\t\t<\/div>\n\t\t\t\t\t<\/div>\n\t\t\t\t<\/div>\n\t\t<div class=\"elementor-element elementor-element-53e54e8 e-flex e-con-boxed e-con e-parent\" data-id=\"53e54e8\" data-element_type=\"container\" data-e-type=\"container\">\n\t\t\t\t\t<div class=\"e-con-inner\">\n\t\t\t\t<div class=\"elementor-element elementor-element-770ba55 elementor-widget elementor-widget-text-editor\" data-id=\"770ba55\" data-element_type=\"widget\" data-e-type=\"widget\" data-widget_type=\"text-editor.default\">\n\t\t\t\t<div class=\"elementor-widget-container\">\n\t\t\t\t\t\t\t\t\t<p style=\"text-align: center;\">PRECIO POR PERSONA EN DOLARES AMERICANOS US$ 855.00<br \/>(en habitaci\u00f3n doble)<\/p><p><strong>Incluye:<\/strong><\/p><ul><li>Programa en base a 02 pasajeros<\/li><li>Alojamiento en habitaci\u00f3n suite doble matrimonial o dos camas en Doubletree by Hilton Paracas<\/li><li>Tickets de bus standard Cruz del Sur Lima\/Paracas\/Lima<\/li><li>Se incluyen solo las comidas mencionadas.<\/li><li>Incluye todos los impuestos de ley.<\/li><li>Todos los servicios en modalidad grupal<\/li><\/ul><p>\u00a0<\/p><p>NOTAS IMPORTANTES<\/p><ul><li>Los precios de vuelos var\u00edan de manera diaria \/ para garantizar el mejor precio posible es ideal confirmar fechas a la brevedad.<\/li><li>No incluye seguro de viaje.<\/li><li>No incluye posibles gastos adicionales debido a contratiempos o cancelaciones de servicios por parte de proveedores contratados.<\/li><li>Ninguna reserva ha sido realizada \u2013 toda confirmaci\u00f3n est\u00e1 sujeta a disponibilidad de cada establecimiento o proveedor de servicios.<\/li><li>Precios v\u00e1lidos solamente con reserva y pagos a trav\u00e9s de BE PERU<\/li><li>Programa v\u00e1lido solamente para extranjeros NO residentes en Per\u00fa con estad\u00edas m\u00e1ximas de 90 d\u00edas en el pa\u00eds.<\/li><li>Para reservas, favor contactar a\u00a0<a href=\"mailto:dianabauer@beperu.com\">dianabauer@beperu.com<\/a>\u00a0o al whatsapp +51 980564900<\/li><li>Pago: 40% al momento de confirmaci\u00f3n de servicios \/ 60% restante 30 d\u00edas antes de la fecha inicial del viaje<\/li><li>Cancelaciones: en caso de cancelaci\u00f3n despu\u00e9s del pago del 40% inicial, se rembolsar\u00e1 el 20% de este prepago. En caso de cancelaci\u00f3n 29 d\u00edas o menos, se rembolsar\u00e1 solamente el 30% del total del programa pagado.<\/li><li>Para reservaciones, es obligatorio el env\u00edo de una copia del pasaporte para todo extranjero o documento nacional de identidad (para pasajeros de procedencia de pa\u00edses del Mercosur)<\/li><\/ul>\t\t\t\t\t\t\t\t<\/div>\n\t\t\t\t<\/div>\n\t\t\t\t\t<\/div>\n\t\t\t\t<\/div>\n\t\t\t\t<\/div>\n\t\t","protected":false},"excerpt":{"rendered":"<p>Dia 1 Lima \/ Paracas Traslado desde hotel hasta estaci\u00f3n de buses. Bus Cruz del Sur a Paracas. Llegada y tour de la reserva nacional de Paracas y el Museo Julio C. Tello. Se incluyen los traslados de llegada, al tur, gu\u00eda y entradas. Traslado al hotel. Resto del d\u00eda libre. Pernocte en DoubleTree by&hellip;<\/p>\n","protected":false},"author":2,"featured_media":0,"parent":0,"menu_order":0,"comment_status":"closed","ping_status":"closed","template":"","meta":{"footnotes":""},"class_list":["post-11492","page","type-page","status-publish","hentry"],"yoast_head":"<!-- This site is optimized with the Yoast SEO plugin v27.5 - https:\/\/yoast.com\/product\/yoast-seo-wordpress\/ -->\n<title>Tour a Paracas - Expotransporte Per\u00fa 2025<\/title>\n<meta name=\"robots\" content=\"index, follow, max-snippet:-1, max-image-preview:large, max-video-preview:-1\" \/>\n<link rel=\"canonical\" href=\"https:\/\/www.expotransporteperu.com\/index.php\/tour-a-paracas\/\" \/>\n<meta property=\"og:locale\" content=\"es_ES\" \/>\n<meta property=\"og:type\" content=\"article\" \/>\n<meta property=\"og:title\" content=\"Tour a Paracas - Expotransporte Per\u00fa 2025\" \/>\n<meta property=\"og:description\" content=\"Dia 1 Lima \/ Paracas Traslado desde hotel hasta estaci\u00f3n de buses. Bus Cruz del Sur a Paracas. Llegada y tour de la reserva nacional de Paracas y el Museo Julio C. Tello. Se incluyen los traslados de llegada, al tur, gu\u00eda y entradas. Traslado al hotel. Resto del d\u00eda libre. Pernocte en DoubleTree by&hellip;\" \/>\n<meta property=\"og:url\" content=\"https:\/\/www.expotransporteperu.com\/index.php\/tour-a-paracas\/\" \/>\n<meta property=\"og:site_name\" content=\"Expotransporte Per\u00fa 2025\" \/>\n<meta property=\"article:modified_time\" content=\"2023-11-28T16:58:16+00:00\" \/>\n<meta name=\"twitter:card\" content=\"summary_large_image\" \/>\n<meta name=\"twitter:label1\" content=\"Tiempo de lectura\" \/>\n\t<meta name=\"twitter:data1\" content=\"2 minutos\" \/>\n<script type=\"application\/ld+json\" class=\"yoast-schema-graph\">{\"@context\":\"https:\\\/\\\/schema.org\",\"@graph\":[{\"@type\":\"WebPage\",\"@id\":\"https:\\\/\\\/www.expotransporteperu.com\\\/index.php\\\/tour-a-paracas\\\/\",\"url\":\"https:\\\/\\\/www.expotransporteperu.com\\\/index.php\\\/tour-a-paracas\\\/\",\"name\":\"Tour a Paracas - Expotransporte Per\u00fa 2025\",\"isPartOf\":{\"@id\":\"https:\\\/\\\/www.expotransporteperu.com\\\/#website\"},\"datePublished\":\"2023-11-28T16:56:27+00:00\",\"dateModified\":\"2023-11-28T16:58:16+00:00\",\"breadcrumb\":{\"@id\":\"https:\\\/\\\/www.expotransporteperu.com\\\/index.php\\\/tour-a-paracas\\\/#breadcrumb\"},\"inLanguage\":\"es\",\"potentialAction\":[{\"@type\":\"ReadAction\",\"target\":[\"https:\\\/\\\/www.expotransporteperu.com\\\/index.php\\\/tour-a-paracas\\\/\"]}]},{\"@type\":\"BreadcrumbList\",\"@id\":\"https:\\\/\\\/www.expotransporteperu.com\\\/index.php\\\/tour-a-paracas\\\/#breadcrumb\",\"itemListElement\":[{\"@type\":\"ListItem\",\"position\":1,\"name\":\"Portada\",\"item\":\"https:\\\/\\\/www.expotransporteperu.com\\\/\"},{\"@type\":\"ListItem\",\"position\":2,\"name\":\"Tour a Paracas\"}]},{\"@type\":\"WebSite\",\"@id\":\"https:\\\/\\\/www.expotransporteperu.com\\\/#website\",\"url\":\"https:\\\/\\\/www.expotransporteperu.com\\\/\",\"name\":\"Expotransporte Per\u00fa 2025\",\"description\":\"22 y 23 de mayo del 2025 | Villa Ferial, Lima\",\"publisher\":{\"@id\":\"https:\\\/\\\/www.expotransporteperu.com\\\/#organization\"},\"potentialAction\":[{\"@type\":\"SearchAction\",\"target\":{\"@type\":\"EntryPoint\",\"urlTemplate\":\"https:\\\/\\\/www.expotransporteperu.com\\\/?s={search_term_string}\"},\"query-input\":{\"@type\":\"PropertyValueSpecification\",\"valueRequired\":true,\"valueName\":\"search_term_string\"}}],\"inLanguage\":\"es\"},{\"@type\":\"Organization\",\"@id\":\"https:\\\/\\\/www.expotransporteperu.com\\\/#organization\",\"name\":\"AltFuels Communication Group\",\"url\":\"https:\\\/\\\/www.expotransporteperu.com\\\/\",\"logo\":{\"@type\":\"ImageObject\",\"inLanguage\":\"es\",\"@id\":\"https:\\\/\\\/www.expotransporteperu.com\\\/#\\\/schema\\\/logo\\\/image\\\/\",\"url\":\"https:\\\/\\\/www.expotransporteperu.com\\\/wp-content\\\/uploads\\\/2024\\\/08\\\/ExpoTransporte-2025.png\",\"contentUrl\":\"https:\\\/\\\/www.expotransporteperu.com\\\/wp-content\\\/uploads\\\/2024\\\/08\\\/ExpoTransporte-2025.png\",\"width\":1980,\"height\":1974,\"caption\":\"AltFuels Communication Group\"},\"image\":{\"@id\":\"https:\\\/\\\/www.expotransporteperu.com\\\/#\\\/schema\\\/logo\\\/image\\\/\"}}]}<\/script>\n<!-- \/ Yoast SEO plugin. -->","yoast_head_json":{"title":"Tour a Paracas - Expotransporte Per\u00fa 2025","robots":{"index":"index","follow":"follow","max-snippet":"max-snippet:-1","max-image-preview":"max-image-preview:large","max-video-preview":"max-video-preview:-1"},"canonical":"https:\/\/www.expotransporteperu.com\/index.php\/tour-a-paracas\/","og_locale":"es_ES","og_type":"article","og_title":"Tour a Paracas - Expotransporte Per\u00fa 2025","og_description":"Dia 1 Lima \/ Paracas Traslado desde hotel hasta estaci\u00f3n de buses. Bus Cruz del Sur a Paracas. Llegada y tour de la reserva nacional de Paracas y el Museo Julio C. Tello. Se incluyen los traslados de llegada, al tur, gu\u00eda y entradas. Traslado al hotel. Resto del d\u00eda libre. Pernocte en DoubleTree by&hellip;","og_url":"https:\/\/www.expotransporteperu.com\/index.php\/tour-a-paracas\/","og_site_name":"Expotransporte Per\u00fa 2025","article_modified_time":"2023-11-28T16:58:16+00:00","twitter_card":"summary_large_image","twitter_misc":{"Tiempo de lectura":"2 minutos"},"schema":{"@context":"https:\/\/schema.org","@graph":[{"@type":"WebPage","@id":"https:\/\/www.expotransporteperu.com\/index.php\/tour-a-paracas\/","url":"https:\/\/www.expotransporteperu.com\/index.php\/tour-a-paracas\/","name":"Tour a Paracas - Expotransporte Per\u00fa 2025","isPartOf":{"@id":"https:\/\/www.expotransporteperu.com\/#website"},"datePublished":"2023-11-28T16:56:27+00:00","dateModified":"2023-11-28T16:58:16+00:00","breadcrumb":{"@id":"https:\/\/www.expotransporteperu.com\/index.php\/tour-a-paracas\/#breadcrumb"},"inLanguage":"es","potentialAction":[{"@type":"ReadAction","target":["https:\/\/www.expotransporteperu.com\/index.php\/tour-a-paracas\/"]}]},{"@type":"BreadcrumbList","@id":"https:\/\/www.expotransporteperu.com\/index.php\/tour-a-paracas\/#breadcrumb","itemListElement":[{"@type":"ListItem","position":1,"name":"Portada","item":"https:\/\/www.expotransporteperu.com\/"},{"@type":"ListItem","position":2,"name":"Tour a Paracas"}]},{"@type":"WebSite","@id":"https:\/\/www.expotransporteperu.com\/#website","url":"https:\/\/www.expotransporteperu.com\/","name":"Expotransporte Per\u00fa 2025","description":"22 y 23 de mayo del 2025 | Villa Ferial, Lima","publisher":{"@id":"https:\/\/www.expotransporteperu.com\/#organization"},"potentialAction":[{"@type":"SearchAction","target":{"@type":"EntryPoint","urlTemplate":"https:\/\/www.expotransporteperu.com\/?s={search_term_string}"},"query-input":{"@type":"PropertyValueSpecification","valueRequired":true,"valueName":"search_term_string"}}],"inLanguage":"es"},{"@type":"Organization","@id":"https:\/\/www.expotransporteperu.com\/#organization","name":"AltFuels Communication Group","url":"https:\/\/www.expotransporteperu.com\/","logo":{"@type":"ImageObject","inLanguage":"es","@id":"https:\/\/www.expotransporteperu.com\/#\/schema\/logo\/image\/","url":"https:\/\/www.expotransporteperu.com\/wp-content\/uploads\/2024\/08\/ExpoTransporte-2025.png","contentUrl":"https:\/\/www.expotransporteperu.com\/wp-content\/uploads\/2024\/08\/ExpoTransporte-2025.png","width":1980,"height":1974,"caption":"AltFuels Communication Group"},"image":{"@id":"https:\/\/www.expotransporteperu.com\/#\/schema\/logo\/image\/"}}]}},"_links":{"self":[{"href":"https:\/\/www.expotransporteperu.com\/index.php\/wp-json\/wp\/v2\/pages\/11492","targetHints":{"allow":["GET"]}}],"collection":[{"href":"https:\/\/www.expotransporteperu.com\/index.php\/wp-json\/wp\/v2\/pages"}],"about":[{"href":"https:\/\/www.expotransporteperu.com\/index.php\/wp-json\/wp\/v2\/types\/page"}],"author":[{"embeddable":true,"href":"https:\/\/www.expotransporteperu.com\/index.php\/wp-json\/wp\/v2\/users\/2"}],"replies":[{"embeddable":true,"href":"https:\/\/www.expotransporteperu.com\/index.php\/wp-json\/wp\/v2\/comments?post=11492"}],"version-history":[{"count":4,"href":"https:\/\/www.expotransporteperu.com\/index.php\/wp-json\/wp\/v2\/pages\/11492\/revisions"}],"predecessor-version":[{"id":11498,"href":"https:\/\/www.expotransporteperu.com\/index.php\/wp-json\/wp\/v2\/pages\/11492\/revisions\/11498"}],"wp:attachment":[{"href":"https:\/\/www.expotransporteperu.com\/index.php\/wp-json\/wp\/v2\/media?parent=11492"}],"curies":[{"name":"wp","href":"https:\/\/api.w.org\/{rel}","templated":true}]}}