{"id":11417,"date":"2023-11-28T10:15:47","date_gmt":"2023-11-28T13:15:47","guid":{"rendered":"https:\/\/www.expotransporteperu.com\/?page_id=11417"},"modified":"2023-11-28T10:19:31","modified_gmt":"2023-11-28T13:19:31","slug":"quienes-somos","status":"publish","type":"page","link":"https:\/\/www.expotransporteperu.com\/index.php\/quienes-somos\/","title":{"rendered":"Qui\u00e9nes somos"},"content":{"rendered":"\t\t<div data-elementor-type=\"wp-page\" data-elementor-id=\"11417\" class=\"elementor elementor-11417\" data-elementor-post-type=\"page\">\n\t\t\t\t<div class=\"elementor-element elementor-element-830599c e-flex e-con-boxed e-con e-parent\" data-id=\"830599c\" data-element_type=\"container\" data-e-type=\"container\">\n\t\t\t\t\t<div class=\"e-con-inner\">\n\t\t<div class=\"elementor-element elementor-element-4efd387 e-con-full e-flex e-con e-child\" data-id=\"4efd387\" data-element_type=\"container\" data-e-type=\"container\">\n\t\t\t\t<div class=\"elementor-element elementor-element-e7b4171 elementor-widget elementor-widget-image\" data-id=\"e7b4171\" data-element_type=\"widget\" data-e-type=\"widget\" data-widget_type=\"image.default\">\n\t\t\t\t<div class=\"elementor-widget-container\">\n\t\t\t\t\t\t\t\t\t\t\t\t\t\t\t<img decoding=\"async\" src=\"https:\/\/altfuelsperu.com\/wp-content\/uploads\/2023\/11\/AF_CG-1000x328.png\" title=\"\" alt=\"\" loading=\"lazy\" \/>\t\t\t\t\t\t\t\t\t\t\t\t\t\t\t<\/div>\n\t\t\t\t<\/div>\n\t\t\t\t<\/div>\n\t\t\t\t\t<\/div>\n\t\t\t\t<\/div>\n\t\t<div class=\"elementor-element elementor-element-64b82a5 e-flex e-con-boxed e-con e-parent\" data-id=\"64b82a5\" data-element_type=\"container\" data-e-type=\"container\">\n\t\t\t\t\t<div class=\"e-con-inner\">\n\t\t<div class=\"elementor-element elementor-element-aa0590a e-con-full e-flex e-con e-child\" data-id=\"aa0590a\" data-element_type=\"container\" data-e-type=\"container\">\n\t\t\t\t<div class=\"elementor-element elementor-element-b1055ef elementor-widget elementor-widget-text-editor\" data-id=\"b1055ef\" data-element_type=\"widget\" data-e-type=\"widget\" data-widget_type=\"text-editor.default\">\n\t\t\t\t<div class=\"elementor-widget-container\">\n\t\t\t\t\t\t\t\t\t<p><strong>AltFuels Communications Group<\/strong>\u00a0(ex NGV Communications Group) es una empresa de comunicaci\u00f3n y organizadora de eventos con m\u00e1s 35 a\u00f1os de trayectoria, con oficinas en Am\u00e9rica Latina y Europa. El Grupo se especializ\u00f3 y dedic\u00f3 desde su inicio a la industria del gas natural para uso vehicular y se expandi\u00f3, en los \u00faltimos a\u00f1os, a todo el mercado de combustibles alternativos y a las distintas aplicaciones de \u00e9stos.<\/p><p>En cuanto a la plataforma de comunicaci\u00f3n, contamos con\u00a0<strong>AltFuels Journal<\/strong>, un portal online que publica las noticias m\u00e1s relevantes y de mayor actualidad de la industria del gas natural y combustibles alternativos, en espa\u00f1ol y en ingl\u00e9s, las cuales son enviadas v\u00eda e-mail a m\u00e1s de 18.000 contactos certificados y replicadas en las redes sociales, lo que ampl\u00eda su llegada de manera exponencial.<\/p>\t\t\t\t\t\t\t\t<\/div>\n\t\t\t\t<\/div>\n\t\t\t\t<\/div>\n\t\t<div class=\"elementor-element elementor-element-13af081 e-con-full e-flex e-con e-child\" data-id=\"13af081\" data-element_type=\"container\" data-e-type=\"container\">\n\t\t\t\t<div class=\"elementor-element elementor-element-fbec221 elementor-widget elementor-widget-image\" data-id=\"fbec221\" data-element_type=\"widget\" data-e-type=\"widget\" data-widget_type=\"image.default\">\n\t\t\t\t<div class=\"elementor-widget-container\">\n\t\t\t\t\t\t\t\t\t\t\t\t\t\t\t<img decoding=\"async\" src=\"https:\/\/altfuelsperu.com\/wp-content\/uploads\/2022\/11\/q_1-1024x667-11-1000x650.png\" title=\"\" alt=\"\" loading=\"lazy\" \/>\t\t\t\t\t\t\t\t\t\t\t\t\t\t\t<\/div>\n\t\t\t\t<\/div>\n\t\t\t\t<\/div>\n\t\t\t\t\t<\/div>\n\t\t\t\t<\/div>\n\t\t<div class=\"elementor-element elementor-element-fddfd34 e-flex e-con-boxed e-con e-parent\" data-id=\"fddfd34\" data-element_type=\"container\" data-e-type=\"container\">\n\t\t\t\t\t<div class=\"e-con-inner\">\n\t\t<div class=\"elementor-element elementor-element-03a295d e-con-full e-flex e-con e-child\" data-id=\"03a295d\" data-element_type=\"container\" data-e-type=\"container\">\n\t\t\t\t<div class=\"elementor-element elementor-element-c4f1c47 elementor-widget elementor-widget-image\" data-id=\"c4f1c47\" data-element_type=\"widget\" data-e-type=\"widget\" data-widget_type=\"image.default\">\n\t\t\t\t<div class=\"elementor-widget-container\">\n\t\t\t\t\t\t\t\t\t\t\t\t\t\t\t<img decoding=\"async\" src=\"https:\/\/altfuelsperu.com\/wp-content\/uploads\/2022\/11\/q_2-1024x667-11-1000x650.png\" title=\"\" alt=\"\" loading=\"lazy\" \/>\t\t\t\t\t\t\t\t\t\t\t\t\t\t\t<\/div>\n\t\t\t\t<\/div>\n\t\t\t\t<\/div>\n\t\t<div class=\"elementor-element elementor-element-1f5b7ca e-con-full e-flex e-con e-child\" data-id=\"1f5b7ca\" data-element_type=\"container\" data-e-type=\"container\">\n\t\t\t\t<div class=\"elementor-element elementor-element-4c38f76 elementor-widget elementor-widget-text-editor\" data-id=\"4c38f76\" data-element_type=\"widget\" data-e-type=\"widget\" data-widget_type=\"text-editor.default\">\n\t\t\t\t<div class=\"elementor-widget-container\">\n\t\t\t\t\t\t\t\t\t<p>Adem\u00e1s, durante nuestra extensa trayectoria hemos publicado distintos magazines -tanto en papel como en formato electr\u00f3nico- cubriendo todos los mercados y regiones, como Prensa Vehicular, GNV Latinoam\u00e9rica, The Gas Vehicles Report (GVR), Asian NGV Communications, NGVJournal.US, NGV Africa, Prensa Vehicular Per\u00fa, Prensa Vehicular Colombia, Folha do GNV y, m\u00e1s recientemente, AltFuels Magazine.<\/p><p>Actualmente, editamos\u00a0<strong>AltFuels Magazine<\/strong>, una publicaci\u00f3n online renovada y totalmente interactiva que, adem\u00e1s de contar con las noticias m\u00e1s destacadas y editoriales a cargo de los principales expertos del sector, cuenta con contenidos multimedia, galer\u00edas de fotos y videos tanto en los art\u00edculos y noticias como en los anuncios publicitarios. Esta revista tambi\u00e9n se env\u00eda a nuestra base de datos de m\u00e1s de 18.000 contactos internacionales.<\/p>\t\t\t\t\t\t\t\t<\/div>\n\t\t\t\t<\/div>\n\t\t\t\t<\/div>\n\t\t\t\t\t<\/div>\n\t\t\t\t<\/div>\n\t\t<div class=\"elementor-element elementor-element-1c5a8e1 e-flex e-con-boxed e-con e-parent\" data-id=\"1c5a8e1\" data-element_type=\"container\" data-e-type=\"container\">\n\t\t\t\t\t<div class=\"e-con-inner\">\n\t\t<div class=\"elementor-element elementor-element-3cc5a30 e-con-full e-flex e-con e-child\" data-id=\"3cc5a30\" data-element_type=\"container\" data-e-type=\"container\">\n\t\t\t\t<div class=\"elementor-element elementor-element-a55976f elementor-widget elementor-widget-text-editor\" data-id=\"a55976f\" data-element_type=\"widget\" data-e-type=\"widget\" data-widget_type=\"text-editor.default\">\n\t\t\t\t<div class=\"elementor-widget-container\">\n\t\t\t\t\t\t\t\t\t<p>Contamos con suscripciones y clientes en m\u00e1s de 100 naciones de los cinco continentes, y la informaci\u00f3n que ofrecemos en nuestros medios es fuente de consulta de organismos legislativos, judiciales y gubernamentales, as\u00ed como de empresas y profesionales.<\/p><p>En cuanto a la organizaci\u00f3n de ferias, realizamos exposiciones y conferencias en todo el mundo desde 1991, muchas veces por cuenta de distintas asociaciones. Entendemos como fundamental para el desarrollo de la industria la labor junto a las distintas asociaciones.<\/p><p>Somos miembros y\/o cooperamos con:<\/p><p>AMGNV (miembro fundador), WGMC (miembro fundador), ANGVA, NGVA Europe, NGVAmerica, ALGNV (miembro fundador), C\u00e1mara Argentina del GNC, NGV Italy, C\u00e1mara Peruana del GNV (miembro fundador), CAPEC (Argentina), AMGN (Asociaci\u00f3n Mexicana del Gas Natural), SPGNCA (Sociedad Peruana de Gas Natural y Combustibles Alternativos), NGV International Academy (miembro fundador), ANUVSH (Asociaci\u00f3n Nacional de Unidades de Verificaci\u00f3n del Sector de Hidrocarburos \u2013 M\u00e9xico), IBP (Instituto Brasile\u00f1o del Petr\u00f3leo y el Gas), WLPGA (World LPG Association) y Liquid Gas Europe.<\/p>\t\t\t\t\t\t\t\t<\/div>\n\t\t\t\t<\/div>\n\t\t\t\t<\/div>\n\t\t<div class=\"elementor-element elementor-element-e1d6bd8 e-con-full e-flex e-con e-child\" data-id=\"e1d6bd8\" data-element_type=\"container\" data-e-type=\"container\">\n\t\t\t\t<div class=\"elementor-element elementor-element-34cb51e elementor-widget elementor-widget-image\" data-id=\"34cb51e\" data-element_type=\"widget\" data-e-type=\"widget\" data-widget_type=\"image.default\">\n\t\t\t\t<div class=\"elementor-widget-container\">\n\t\t\t\t\t\t\t\t\t\t\t\t\t\t\t<img decoding=\"async\" src=\"https:\/\/altfuelsperu.com\/wp-content\/uploads\/2022\/11\/q_3-1024x667-11-1000x650.png\" title=\"\" alt=\"\" loading=\"lazy\" \/>\t\t\t\t\t\t\t\t\t\t\t\t\t\t\t<\/div>\n\t\t\t\t<\/div>\n\t\t\t\t<\/div>\n\t\t\t\t\t<\/div>\n\t\t\t\t<\/div>\n\t\t<div class=\"elementor-element elementor-element-ce2128c e-flex e-con-boxed e-con e-parent\" data-id=\"ce2128c\" data-element_type=\"container\" data-e-type=\"container\" data-settings=\"{&quot;background_background&quot;:&quot;classic&quot;}\">\n\t\t\t\t\t<div class=\"e-con-inner\">\n\t\t\t\t<div class=\"elementor-element elementor-element-6d99c7a elementor-widget elementor-widget-text-editor\" data-id=\"6d99c7a\" data-element_type=\"widget\" data-e-type=\"widget\" data-widget_type=\"text-editor.default\">\n\t\t\t\t<div class=\"elementor-widget-container\">\n\t\t\t\t\t\t\t\t\tNos caracterizamos por ofrecer cada d\u00eda un poco m\u00e1s a nuestros lectores, expositores, sponsors, avisadores y dem\u00e1s clientes. Innovamos para crecer junto a ellos.\n\t\t\t\t\t\t\t\t<\/div>\n\t\t\t\t<\/div>\n\t\t\t\t<div class=\"elementor-element elementor-element-35950b1 elementor-widget elementor-widget-text-editor\" data-id=\"35950b1\" data-element_type=\"widget\" data-e-type=\"widget\" data-widget_type=\"text-editor.default\">\n\t\t\t\t<div class=\"elementor-widget-container\">\n\t\t\t\t\t\t\t\t\t<p>AltFuels Communications Group es l\u00edder mundial<br \/>en comunicaci\u00f3n y eventos sobre combustibles alternativos.<\/p>\t\t\t\t\t\t\t\t<\/div>\n\t\t\t\t<\/div>\n\t\t\t\t\t<\/div>\n\t\t\t\t<\/div>\n\t\t\t\t<\/div>\n\t\t","protected":false},"excerpt":{"rendered":"<p>AltFuels Communications Group\u00a0(ex NGV Communications Group) es una empresa de comunicaci\u00f3n y organizadora de eventos con m\u00e1s 35 a\u00f1os de trayectoria, con oficinas en Am\u00e9rica Latina y Europa. El Grupo se especializ\u00f3 y dedic\u00f3 desde su inicio a la industria del gas natural para uso vehicular y se expandi\u00f3, en los \u00faltimos a\u00f1os, a todo&hellip;<\/p>\n","protected":false},"author":2,"featured_media":0,"parent":0,"menu_order":0,"comment_status":"closed","ping_status":"closed","template":"","meta":{"footnotes":""},"class_list":["post-11417","page","type-page","status-publish","hentry"],"yoast_head":"<!-- This site is optimized with the Yoast SEO plugin v27.4 - https:\/\/yoast.com\/product\/yoast-seo-wordpress\/ -->\n<title>Qui\u00e9nes somos - Expotransporte Per\u00fa 2025<\/title>\n<meta name=\"robots\" content=\"index, follow, max-snippet:-1, max-image-preview:large, max-video-preview:-1\" \/>\n<link rel=\"canonical\" href=\"https:\/\/www.expotransporteperu.com\/index.php\/quienes-somos\/\" \/>\n<meta property=\"og:locale\" content=\"es_ES\" \/>\n<meta property=\"og:type\" content=\"article\" \/>\n<meta property=\"og:title\" content=\"Qui\u00e9nes somos - Expotransporte Per\u00fa 2025\" \/>\n<meta property=\"og:description\" content=\"AltFuels Communications Group\u00a0(ex NGV Communications Group) es una empresa de comunicaci\u00f3n y organizadora de eventos con m\u00e1s 35 a\u00f1os de trayectoria, con oficinas en Am\u00e9rica Latina y Europa. El Grupo se especializ\u00f3 y dedic\u00f3 desde su inicio a la industria del gas natural para uso vehicular y se expandi\u00f3, en los \u00faltimos a\u00f1os, a todo&hellip;\" \/>\n<meta property=\"og:url\" content=\"https:\/\/www.expotransporteperu.com\/index.php\/quienes-somos\/\" \/>\n<meta property=\"og:site_name\" content=\"Expotransporte Per\u00fa 2025\" \/>\n<meta property=\"article:modified_time\" content=\"2023-11-28T13:19:31+00:00\" \/>\n<meta property=\"og:image\" content=\"https:\/\/altfuelsperu.com\/wp-content\/uploads\/2023\/11\/AF_CG-1000x328.png\" \/>\n<meta name=\"twitter:card\" content=\"summary_large_image\" \/>\n<meta name=\"twitter:label1\" content=\"Tiempo de lectura\" \/>\n\t<meta name=\"twitter:data1\" content=\"3 minutos\" \/>\n<script type=\"application\/ld+json\" class=\"yoast-schema-graph\">{\"@context\":\"https:\\\/\\\/schema.org\",\"@graph\":[{\"@type\":\"WebPage\",\"@id\":\"https:\\\/\\\/www.expotransporteperu.com\\\/index.php\\\/quienes-somos\\\/\",\"url\":\"https:\\\/\\\/www.expotransporteperu.com\\\/index.php\\\/quienes-somos\\\/\",\"name\":\"Qui\u00e9nes somos - Expotransporte Per\u00fa 2025\",\"isPartOf\":{\"@id\":\"https:\\\/\\\/www.expotransporteperu.com\\\/#website\"},\"primaryImageOfPage\":{\"@id\":\"https:\\\/\\\/www.expotransporteperu.com\\\/index.php\\\/quienes-somos\\\/#primaryimage\"},\"image\":{\"@id\":\"https:\\\/\\\/www.expotransporteperu.com\\\/index.php\\\/quienes-somos\\\/#primaryimage\"},\"thumbnailUrl\":\"https:\\\/\\\/altfuelsperu.com\\\/wp-content\\\/uploads\\\/2023\\\/11\\\/AF_CG-1000x328.png\",\"datePublished\":\"2023-11-28T13:15:47+00:00\",\"dateModified\":\"2023-11-28T13:19:31+00:00\",\"breadcrumb\":{\"@id\":\"https:\\\/\\\/www.expotransporteperu.com\\\/index.php\\\/quienes-somos\\\/#breadcrumb\"},\"inLanguage\":\"es\",\"potentialAction\":[{\"@type\":\"ReadAction\",\"target\":[\"https:\\\/\\\/www.expotransporteperu.com\\\/index.php\\\/quienes-somos\\\/\"]}]},{\"@type\":\"ImageObject\",\"inLanguage\":\"es\",\"@id\":\"https:\\\/\\\/www.expotransporteperu.com\\\/index.php\\\/quienes-somos\\\/#primaryimage\",\"url\":\"https:\\\/\\\/altfuelsperu.com\\\/wp-content\\\/uploads\\\/2023\\\/11\\\/AF_CG-1000x328.png\",\"contentUrl\":\"https:\\\/\\\/altfuelsperu.com\\\/wp-content\\\/uploads\\\/2023\\\/11\\\/AF_CG-1000x328.png\"},{\"@type\":\"BreadcrumbList\",\"@id\":\"https:\\\/\\\/www.expotransporteperu.com\\\/index.php\\\/quienes-somos\\\/#breadcrumb\",\"itemListElement\":[{\"@type\":\"ListItem\",\"position\":1,\"name\":\"Portada\",\"item\":\"https:\\\/\\\/www.expotransporteperu.com\\\/\"},{\"@type\":\"ListItem\",\"position\":2,\"name\":\"Qui\u00e9nes somos\"}]},{\"@type\":\"WebSite\",\"@id\":\"https:\\\/\\\/www.expotransporteperu.com\\\/#website\",\"url\":\"https:\\\/\\\/www.expotransporteperu.com\\\/\",\"name\":\"Expotransporte Per\u00fa 2025\",\"description\":\"22 y 23 de mayo del 2025 | Villa Ferial, Lima\",\"publisher\":{\"@id\":\"https:\\\/\\\/www.expotransporteperu.com\\\/#organization\"},\"potentialAction\":[{\"@type\":\"SearchAction\",\"target\":{\"@type\":\"EntryPoint\",\"urlTemplate\":\"https:\\\/\\\/www.expotransporteperu.com\\\/?s={search_term_string}\"},\"query-input\":{\"@type\":\"PropertyValueSpecification\",\"valueRequired\":true,\"valueName\":\"search_term_string\"}}],\"inLanguage\":\"es\"},{\"@type\":\"Organization\",\"@id\":\"https:\\\/\\\/www.expotransporteperu.com\\\/#organization\",\"name\":\"AltFuels Communication Group\",\"url\":\"https:\\\/\\\/www.expotransporteperu.com\\\/\",\"logo\":{\"@type\":\"ImageObject\",\"inLanguage\":\"es\",\"@id\":\"https:\\\/\\\/www.expotransporteperu.com\\\/#\\\/schema\\\/logo\\\/image\\\/\",\"url\":\"https:\\\/\\\/www.expotransporteperu.com\\\/wp-content\\\/uploads\\\/2024\\\/08\\\/ExpoTransporte-2025.png\",\"contentUrl\":\"https:\\\/\\\/www.expotransporteperu.com\\\/wp-content\\\/uploads\\\/2024\\\/08\\\/ExpoTransporte-2025.png\",\"width\":1980,\"height\":1974,\"caption\":\"AltFuels Communication Group\"},\"image\":{\"@id\":\"https:\\\/\\\/www.expotransporteperu.com\\\/#\\\/schema\\\/logo\\\/image\\\/\"}}]}<\/script>\n<!-- \/ Yoast SEO plugin. -->","yoast_head_json":{"title":"Qui\u00e9nes somos - Expotransporte Per\u00fa 2025","robots":{"index":"index","follow":"follow","max-snippet":"max-snippet:-1","max-image-preview":"max-image-preview:large","max-video-preview":"max-video-preview:-1"},"canonical":"https:\/\/www.expotransporteperu.com\/index.php\/quienes-somos\/","og_locale":"es_ES","og_type":"article","og_title":"Qui\u00e9nes somos - Expotransporte Per\u00fa 2025","og_description":"AltFuels Communications Group\u00a0(ex NGV Communications Group) es una empresa de comunicaci\u00f3n y organizadora de eventos con m\u00e1s 35 a\u00f1os de trayectoria, con oficinas en Am\u00e9rica Latina y Europa. El Grupo se especializ\u00f3 y dedic\u00f3 desde su inicio a la industria del gas natural para uso vehicular y se expandi\u00f3, en los \u00faltimos a\u00f1os, a todo&hellip;","og_url":"https:\/\/www.expotransporteperu.com\/index.php\/quienes-somos\/","og_site_name":"Expotransporte Per\u00fa 2025","article_modified_time":"2023-11-28T13:19:31+00:00","og_image":[{"url":"https:\/\/altfuelsperu.com\/wp-content\/uploads\/2023\/11\/AF_CG-1000x328.png","type":"","width":"","height":""}],"twitter_card":"summary_large_image","twitter_misc":{"Tiempo de lectura":"3 minutos"},"schema":{"@context":"https:\/\/schema.org","@graph":[{"@type":"WebPage","@id":"https:\/\/www.expotransporteperu.com\/index.php\/quienes-somos\/","url":"https:\/\/www.expotransporteperu.com\/index.php\/quienes-somos\/","name":"Qui\u00e9nes somos - Expotransporte Per\u00fa 2025","isPartOf":{"@id":"https:\/\/www.expotransporteperu.com\/#website"},"primaryImageOfPage":{"@id":"https:\/\/www.expotransporteperu.com\/index.php\/quienes-somos\/#primaryimage"},"image":{"@id":"https:\/\/www.expotransporteperu.com\/index.php\/quienes-somos\/#primaryimage"},"thumbnailUrl":"https:\/\/altfuelsperu.com\/wp-content\/uploads\/2023\/11\/AF_CG-1000x328.png","datePublished":"2023-11-28T13:15:47+00:00","dateModified":"2023-11-28T13:19:31+00:00","breadcrumb":{"@id":"https:\/\/www.expotransporteperu.com\/index.php\/quienes-somos\/#breadcrumb"},"inLanguage":"es","potentialAction":[{"@type":"ReadAction","target":["https:\/\/www.expotransporteperu.com\/index.php\/quienes-somos\/"]}]},{"@type":"ImageObject","inLanguage":"es","@id":"https:\/\/www.expotransporteperu.com\/index.php\/quienes-somos\/#primaryimage","url":"https:\/\/altfuelsperu.com\/wp-content\/uploads\/2023\/11\/AF_CG-1000x328.png","contentUrl":"https:\/\/altfuelsperu.com\/wp-content\/uploads\/2023\/11\/AF_CG-1000x328.png"},{"@type":"BreadcrumbList","@id":"https:\/\/www.expotransporteperu.com\/index.php\/quienes-somos\/#breadcrumb","itemListElement":[{"@type":"ListItem","position":1,"name":"Portada","item":"https:\/\/www.expotransporteperu.com\/"},{"@type":"ListItem","position":2,"name":"Qui\u00e9nes somos"}]},{"@type":"WebSite","@id":"https:\/\/www.expotransporteperu.com\/#website","url":"https:\/\/www.expotransporteperu.com\/","name":"Expotransporte Per\u00fa 2025","description":"22 y 23 de mayo del 2025 | Villa Ferial, Lima","publisher":{"@id":"https:\/\/www.expotransporteperu.com\/#organization"},"potentialAction":[{"@type":"SearchAction","target":{"@type":"EntryPoint","urlTemplate":"https:\/\/www.expotransporteperu.com\/?s={search_term_string}"},"query-input":{"@type":"PropertyValueSpecification","valueRequired":true,"valueName":"search_term_string"}}],"inLanguage":"es"},{"@type":"Organization","@id":"https:\/\/www.expotransporteperu.com\/#organization","name":"AltFuels Communication Group","url":"https:\/\/www.expotransporteperu.com\/","logo":{"@type":"ImageObject","inLanguage":"es","@id":"https:\/\/www.expotransporteperu.com\/#\/schema\/logo\/image\/","url":"https:\/\/www.expotransporteperu.com\/wp-content\/uploads\/2024\/08\/ExpoTransporte-2025.png","contentUrl":"https:\/\/www.expotransporteperu.com\/wp-content\/uploads\/2024\/08\/ExpoTransporte-2025.png","width":1980,"height":1974,"caption":"AltFuels Communication Group"},"image":{"@id":"https:\/\/www.expotransporteperu.com\/#\/schema\/logo\/image\/"}}]}},"_links":{"self":[{"href":"https:\/\/www.expotransporteperu.com\/index.php\/wp-json\/wp\/v2\/pages\/11417","targetHints":{"allow":["GET"]}}],"collection":[{"href":"https:\/\/www.expotransporteperu.com\/index.php\/wp-json\/wp\/v2\/pages"}],"about":[{"href":"https:\/\/www.expotransporteperu.com\/index.php\/wp-json\/wp\/v2\/types\/page"}],"author":[{"embeddable":true,"href":"https:\/\/www.expotransporteperu.com\/index.php\/wp-json\/wp\/v2\/users\/2"}],"replies":[{"embeddable":true,"href":"https:\/\/www.expotransporteperu.com\/index.php\/wp-json\/wp\/v2\/comments?post=11417"}],"version-history":[{"count":4,"href":"https:\/\/www.expotransporteperu.com\/index.php\/wp-json\/wp\/v2\/pages\/11417\/revisions"}],"predecessor-version":[{"id":11422,"href":"https:\/\/www.expotransporteperu.com\/index.php\/wp-json\/wp\/v2\/pages\/11417\/revisions\/11422"}],"wp:attachment":[{"href":"https:\/\/www.expotransporteperu.com\/index.php\/wp-json\/wp\/v2\/media?parent=11417"}],"curies":[{"name":"wp","href":"https:\/\/api.w.org\/{rel}","templated":true}]}}