{"id":11373,"date":"2023-11-27T20:02:20","date_gmt":"2023-11-27T23:02:20","guid":{"rendered":"https:\/\/www.expotransporteperu.com\/?page_id=11373"},"modified":"2025-07-03T10:53:10","modified_gmt":"2025-07-03T13:53:10","slug":"solicitud-de-stand","status":"publish","type":"page","link":"https:\/\/www.expotransporteperu.com\/index.php\/solicitud-de-stand\/","title":{"rendered":"Solicitud de stand"},"content":{"rendered":"\t\t<div data-elementor-type=\"wp-page\" data-elementor-id=\"11373\" class=\"elementor elementor-11373\" data-elementor-post-type=\"page\">\n\t\t\t\t<div class=\"elementor-element elementor-element-035efd8 e-flex e-con-boxed e-con e-parent\" data-id=\"035efd8\" data-element_type=\"container\" data-e-type=\"container\">\n\t\t\t\t\t<div class=\"e-con-inner\">\n\t\t\t\t<div class=\"elementor-element elementor-element-196a5d9 elementor-widget elementor-widget-text-editor\" data-id=\"196a5d9\" data-element_type=\"widget\" data-e-type=\"widget\" data-widget_type=\"text-editor.default\">\n\t\t\t\t<div class=\"elementor-widget-container\">\n\t\t\t\t\t\t\t\t\t<div style=\"text-align: center; padding: 20px;\">\n\n  <h4 style=\"color: #c00000;\">\u00a1Inscripciones cerradas!<\/h4>\n\n  <p>Gracias por tu inter\u00e9s en participar.<\/p>\n\n  <p>Los esperamos en el <strong>Complejo Ferial Villa, Lima<\/strong>, en el horario del evento:<br>\n  <strong>\n3 y&nbsp;4 de julio\nde 1 p.m. a 8 p.m.<\/strong><\/p>\n\n  <p>\n    Pod\u00e9s consultar la <a href=\"https:\/\/www.expotransporteperu.com\/index.php\/agenda\/\" target=\"_blank\">agenda completa<\/a><br>\n    y ver el <a href=\"https:\/\/www.expotransporteperu.com\/index.php\/exhibicion\/\" target=\"_blank\">mapa de exhibici\u00f3n<\/a>.\n  <\/p>\n\n<\/div>\n\t\t\t\t\t\t\t\t<\/div>\n\t\t\t\t<\/div>\n\t\t<div class=\"elementor-element elementor-element-70a2b64 e-con-full elementor-hidden-desktop elementor-hidden-tablet elementor-hidden-mobile e-flex e-con e-child\" data-id=\"70a2b64\" data-element_type=\"container\" data-e-type=\"container\">\n\t\t\t\t<div class=\"elementor-element elementor-element-f060539 elementor-widget elementor-widget-text-editor\" data-id=\"f060539\" data-element_type=\"widget\" data-e-type=\"widget\" data-widget_type=\"text-editor.default\">\n\t\t\t\t<div class=\"elementor-widget-container\">\n\t\t\t\t\t\t\t\t\t<table><thead><tr><th>\u00a0<\/th><th>No Miembros ANATEC<\/th><th>Miembros ANATEC<\/th><\/tr><\/thead><tbody><tr><td>\u00c1rea libre*<\/td><td>U$S 360.-<\/td><td>U$S 260.-<\/td><\/tr><tr><td>Armado b\u00e1sico opcional<\/td><td>U$S 100.-<\/td><td>U$S 98.-<\/td><\/tr><\/tbody><\/table><p>* IVA no incluido. Precio exento de Retenciones. <em>Expo abierta al p\u00fablico: 3 y 4 de julio, 2025.<\/em><\/p><p><strong><br \/>Este importe deber\u00e1 ser abonado de la siguiente manera:<\/strong><br \/>Reserva de espacios: 40% al recibir la factura a la firma de este acuerdo. El 60% restante debe ser abonado 60 d\u00edas previos a la fecha del evento. Nota: EL EXPOSITOR no ser\u00e1 incluido en el plano y listado oficial antes de abonar el 40% de la reserva.<\/p>\t\t\t\t\t\t\t\t<\/div>\n\t\t\t\t<\/div>\n\t\t\t\t<div class=\"elementor-element elementor-element-596254e elementor-widget elementor-widget-shortcode\" data-id=\"596254e\" data-element_type=\"widget\" data-e-type=\"widget\" data-widget_type=\"shortcode.default\">\n\t\t\t\t<div class=\"elementor-widget-container\">\n\t\t\t\t\t\t\t<div class=\"elementor-shortcode\">\n<div class=\"wpcf7 no-js\" id=\"wpcf7-f11281-o1\" lang=\"es-ES\" dir=\"ltr\" data-wpcf7-id=\"11281\">\n<div class=\"screen-reader-response\"><p role=\"status\" aria-live=\"polite\" aria-atomic=\"true\"><\/p> <ul><\/ul><\/div>\n<form action=\"\/index.php\/wp-json\/wp\/v2\/pages\/11373#wpcf7-f11281-o1\" method=\"post\" class=\"wpcf7-form init\" aria-label=\"Formulario de contacto\" novalidate=\"novalidate\" data-status=\"init\">\n<fieldset class=\"hidden-fields-container\"><input type=\"hidden\" name=\"_wpcf7\" value=\"11281\" \/><input type=\"hidden\" name=\"_wpcf7_version\" value=\"6.1.5\" \/><input type=\"hidden\" name=\"_wpcf7_locale\" value=\"es_ES\" \/><input type=\"hidden\" name=\"_wpcf7_unit_tag\" value=\"wpcf7-f11281-o1\" \/><input type=\"hidden\" name=\"_wpcf7_container_post\" value=\"0\" \/><input type=\"hidden\" name=\"_wpcf7_posted_data_hash\" value=\"\" \/><input type=\"hidden\" name=\"_wpcf7_recaptcha_response\" value=\"\" \/>\n<\/fieldset>\n<div style=\"width: 100%\">\n\t<p><span class=\"wpcf7-form-control-wrap\" data-name=\"nombre\"><input size=\"40\" maxlength=\"400\" class=\"wpcf7-form-control wpcf7-text wpcf7-validates-as-required\" aria-required=\"true\" aria-invalid=\"false\" placeholder=\"Nombre o raz\u00f3n social\" value=\"\" type=\"text\" name=\"nombre\" \/><\/span>\n\t<\/p>\n<\/div>\n<div style=\"width: 49%; float: left; margin-right: 1%\">\n\t<p><span class=\"wpcf7-form-control-wrap\" data-name=\"direccion\"><input size=\"40\" maxlength=\"400\" class=\"wpcf7-form-control wpcf7-text wpcf7-validates-as-required\" aria-required=\"true\" aria-invalid=\"false\" placeholder=\"Direcci\u00f3n\" value=\"\" type=\"text\" name=\"direccion\" \/><\/span>\n\t<\/p>\n<\/div>\n<div style=\"width: 49%; float: left; margin-right: 1%\">\n\t<p><span class=\"wpcf7-form-control-wrap\" data-name=\"complejo\"><input size=\"40\" maxlength=\"400\" class=\"wpcf7-form-control wpcf7-text wpcf7-validates-as-required\" aria-required=\"true\" aria-invalid=\"false\" placeholder=\"Complejo\" value=\"\" type=\"text\" name=\"complejo\" \/><\/span>\n\t<\/p>\n<\/div>\n<div style=\"width: 49%; float: left; margin-right: 1%\">\n\t<p><span class=\"wpcf7-form-control-wrap\" data-name=\"provincia\"><input size=\"40\" maxlength=\"400\" class=\"wpcf7-form-control wpcf7-text wpcf7-validates-as-required\" aria-required=\"true\" aria-invalid=\"false\" placeholder=\"Estado\/Provincia\" value=\"\" type=\"text\" name=\"provincia\" \/><\/span>\n\t<\/p>\n<\/div>\n<div style=\"width: 49%; float: left; margin-right: 1%\">\n\t<p><span class=\"wpcf7-form-control-wrap\" data-name=\"pais\"><input size=\"40\" maxlength=\"400\" class=\"wpcf7-form-control wpcf7-text wpcf7-validates-as-required\" aria-required=\"true\" aria-invalid=\"false\" placeholder=\"Pa\u00eds\" value=\"\" type=\"text\" name=\"pais\" \/><\/span>\n\t<\/p>\n<\/div>\n<div style=\"width: 49%; float: left; margin-right: 1%\">\n\t<p><span class=\"wpcf7-form-control-wrap\" data-name=\"telefono\"><input size=\"40\" maxlength=\"400\" class=\"wpcf7-form-control wpcf7-tel wpcf7-validates-as-required wpcf7-text wpcf7-validates-as-tel\" aria-required=\"true\" aria-invalid=\"false\" placeholder=\"Tel\u00e9fono\" value=\"\" type=\"tel\" name=\"telefono\" \/><\/span>\n\t<\/p>\n<\/div>\n<div style=\"width: 49%; float: left; margin-right: 1%\">\n\t<p><span class=\"wpcf7-form-control-wrap\" data-name=\"email\"><input size=\"40\" maxlength=\"400\" class=\"wpcf7-form-control wpcf7-email wpcf7-validates-as-required wpcf7-text wpcf7-validates-as-email\" aria-required=\"true\" aria-invalid=\"false\" placeholder=\"E-mail\" value=\"\" type=\"email\" name=\"email\" \/><\/span>\n\t<\/p>\n<\/div>\n<div style=\"width: 100%; float: left\">\n\t<p><span class=\"wpcf7-form-control-wrap\" data-name=\"nombreRepresentante\"><input size=\"40\" maxlength=\"400\" class=\"wpcf7-form-control wpcf7-text wpcf7-validates-as-required\" aria-required=\"true\" aria-invalid=\"false\" placeholder=\"Nombre del Representante\" value=\"\" type=\"text\" name=\"nombreRepresentante\" \/><\/span>\n\t<\/p>\n<\/div>\n<div style=\"width: 49%; float: left; margin-right: 1%\">\n\t<p><span class=\"wpcf7-form-control-wrap\" data-name=\"posicion\"><input size=\"40\" maxlength=\"400\" class=\"wpcf7-form-control wpcf7-text wpcf7-validates-as-required\" aria-required=\"true\" aria-invalid=\"false\" placeholder=\"Puesto\" value=\"\" type=\"text\" name=\"posicion\" \/><\/span>\n\t<\/p>\n<\/div>\n<div style=\"width: 49%; float: left; margin-right: 1%\">\n\t<p><span class=\"wpcf7-form-control-wrap\" data-name=\"documento\"><input size=\"40\" maxlength=\"400\" class=\"wpcf7-form-control wpcf7-text wpcf7-validates-as-required\" aria-required=\"true\" aria-invalid=\"false\" placeholder=\"Documento\" value=\"\" type=\"text\" name=\"documento\" \/><\/span>\n\t<\/p>\n<\/div>\n<div style=\"width: 49%; float: left; margin-right: 1%\">\n\t<p><span class=\"wpcf7-form-control-wrap\" data-name=\"facturarA\"><input size=\"40\" maxlength=\"400\" class=\"wpcf7-form-control wpcf7-text wpcf7-validates-as-required\" aria-required=\"true\" aria-invalid=\"false\" placeholder=\"Facturaci\u00f3n a nombre de\" value=\"\" type=\"text\" name=\"facturarA\" \/><\/span>\n\t<\/p>\n<\/div>\n<div style=\"width: 49%; float: left; margin-right: 1%\">\n\t<p><span class=\"wpcf7-form-control-wrap\" data-name=\"cuitnitruc\"><input size=\"40\" maxlength=\"400\" class=\"wpcf7-form-control wpcf7-text wpcf7-validates-as-required\" aria-required=\"true\" aria-invalid=\"false\" placeholder=\"CUIT\/NIT\/RUC\" value=\"\" type=\"text\" name=\"cuitnitruc\" \/><\/span>\n\t<\/p>\n<\/div>\n<div style=\"width: 100%; float: left\">\n\t<p><span class=\"wpcf7-form-control-wrap\" data-name=\"personapago\"><input size=\"40\" maxlength=\"400\" class=\"wpcf7-form-control wpcf7-text wpcf7-validates-as-required\" aria-required=\"true\" aria-invalid=\"false\" placeholder=\"Persona encargada del pago\" value=\"\" type=\"text\" name=\"personapago\" \/><\/span>\n\t<\/p>\n<\/div>\n<div style=\"width: 49%; float: left; margin-right: 1%; font-size: 1.2rem\">\n\t<p>Nombre con que desea figurar en el Cartel de Expositor y Cat\u00e1logo:\n\t<\/p>\n<\/div>\n<div style=\"width: 49%; float: left; margin-right: 1%\">\n\t<p><span class=\"wpcf7-form-control-wrap\" data-name=\"nombreCartel\"><input size=\"40\" maxlength=\"400\" class=\"wpcf7-form-control wpcf7-text wpcf7-validates-as-required\" aria-required=\"true\" aria-invalid=\"false\" value=\"\" type=\"text\" name=\"nombreCartel\" \/><\/span>\n\t<\/p>\n<\/div>\n<div style=\"width: 100%; float: left; margin-right: 1%\">\n\t<p><span class=\"wpcf7-form-control-wrap\" data-name=\"stand\"><input size=\"40\" maxlength=\"400\" class=\"wpcf7-form-control wpcf7-text wpcf7-validates-as-required\" aria-required=\"true\" aria-invalid=\"false\" placeholder=\"Stand deseado\" value=\"\" type=\"text\" name=\"stand\" \/><\/span>\n\t<\/p>\n<\/div>\n<p><input\n  type=\"submit\"\n  value=\"Enviar\"\n  style=\"width: 100%; padding: 2%; font-size: 1.2rem; border: none\" \/>\n<\/p><div class=\"wpcf7-response-output\" aria-hidden=\"true\"><\/div>\n<\/form>\n<\/div>\n<\/div>\n\t\t\t\t\t\t<\/div>\n\t\t\t\t<\/div>\n\t\t\t\t<div class=\"elementor-element elementor-element-7b41333 elementor-widget elementor-widget-text-editor\" data-id=\"7b41333\" data-element_type=\"widget\" data-e-type=\"widget\" data-widget_type=\"text-editor.default\">\n\t\t\t\t<div class=\"elementor-widget-container\">\n\t\t\t\t\t\t\t\t\t<p>Tenemos el agrado de solicitar a Uds. nuestra participaci\u00f3n en EXPOTRANSPORTE PERU 2025 que se realizar\u00e1 los d\u00edas <em>3 y 4 de julio, 2025<\/em>, en el predio Villa Complejo Ferial, Lima, Per\u00fa Asimismo, por este medio solicitamos el arrendamiento del stand cuya identificaci\u00f3n, medida y precio en d\u00f3lares estadounidenses se detallan a continuaci\u00f3n.<\/p><p>\u2022 Servicios obligatorios<sup>1\u00a0 <\/sup>Precio por m2: USD &#8230;30.-<\/p><p><sup>1<\/sup> Limpieza de \u00e1reas comunes, disposici\u00f3n de residuos, seguro de responsabilidad civil y servicio m\u00e9dico.<br \/><em><strong>Importes no reembolsables<\/strong><\/em><\/p><p>Para la elaboraci\u00f3n del cat\u00e1logo oficial, la confecci\u00f3n de la cenefa y la divulgaci\u00f3n general, requerimos el env\u00edo de 50 palabras por idioma (espa\u00f1ol e ingl\u00e9s) con la descripci\u00f3n de su actividad o producto, la raz\u00f3n social con la que desea ser publicado, la direcci\u00f3n, tel\u00e9fono, e-mail, website de su compa\u00f1\u00eda en documento WORD y el logo de su empresa en jpg.<br \/>Su contacto a: Alejandro Gardella <a href=\"mailto:agardella@altfuelscg.com\">agardella@altfuelscg.com<\/a><br \/><strong>IMPORTANTE<\/strong>: El Expositor tiene la <strong>obligaci\u00f3n<\/strong> de informar al Coordinador T\u00e9cnico las maquinarias y\/o veh\u00edculos que expondr\u00e1 para ingresar al montaje del evento con 30 d\u00edas de anticipaci\u00f3n.<\/p>\t\t\t\t\t\t\t\t<\/div>\n\t\t\t\t<\/div>\n\t\t\t\t<\/div>\n\t\t\t\t\t<\/div>\n\t\t\t\t<\/div>\n\t\t\t\t<\/div>\n\t\t","protected":false},"excerpt":{"rendered":"<p>\u00a1Inscripciones cerradas! Gracias por tu inter\u00e9s en participar. Los esperamos en el Complejo Ferial Villa, Lima, en el horario del evento: 3 y&nbsp;4 de julio de 1 p.m. a 8 p.m. Pod\u00e9s consultar la agenda completa y ver el mapa de exhibici\u00f3n. \u00a0 No Miembros ANATEC Miembros ANATEC \u00c1rea libre* U$S 360.- U$S 260.- Armado&hellip;<\/p>\n","protected":false},"author":2,"featured_media":0,"parent":0,"menu_order":0,"comment_status":"closed","ping_status":"closed","template":"","meta":{"footnotes":""},"class_list":["post-11373","page","type-page","status-publish","hentry"],"yoast_head":"<!-- This site is optimized with the Yoast SEO plugin v27.4 - https:\/\/yoast.com\/product\/yoast-seo-wordpress\/ -->\n<title>Solicitud de stand - Expotransporte Per\u00fa 2025<\/title>\n<meta name=\"robots\" content=\"index, follow, max-snippet:-1, max-image-preview:large, max-video-preview:-1\" \/>\n<link rel=\"canonical\" href=\"https:\/\/www.expotransporteperu.com\/index.php\/solicitud-de-stand\/\" \/>\n<meta property=\"og:locale\" content=\"es_ES\" \/>\n<meta property=\"og:type\" content=\"article\" \/>\n<meta property=\"og:title\" content=\"Solicitud de stand - Expotransporte Per\u00fa 2025\" \/>\n<meta property=\"og:description\" content=\"\u00a1Inscripciones cerradas! Gracias por tu inter\u00e9s en participar. Los esperamos en el Complejo Ferial Villa, Lima, en el horario del evento: 3 y&nbsp;4 de julio de 1 p.m. a 8 p.m. Pod\u00e9s consultar la agenda completa y ver el mapa de exhibici\u00f3n. \u00a0 No Miembros ANATEC Miembros ANATEC \u00c1rea libre* U$S 360.- U$S 260.- Armado&hellip;\" \/>\n<meta property=\"og:url\" content=\"https:\/\/www.expotransporteperu.com\/index.php\/solicitud-de-stand\/\" \/>\n<meta property=\"og:site_name\" content=\"Expotransporte Per\u00fa 2025\" \/>\n<meta property=\"article:modified_time\" content=\"2025-07-03T13:53:10+00:00\" \/>\n<meta name=\"twitter:card\" content=\"summary_large_image\" \/>\n<meta name=\"twitter:label1\" content=\"Tiempo de lectura\" \/>\n\t<meta name=\"twitter:data1\" content=\"2 minutos\" \/>\n<script type=\"application\/ld+json\" class=\"yoast-schema-graph\">{\"@context\":\"https:\\\/\\\/schema.org\",\"@graph\":[{\"@type\":\"WebPage\",\"@id\":\"https:\\\/\\\/www.expotransporteperu.com\\\/index.php\\\/solicitud-de-stand\\\/\",\"url\":\"https:\\\/\\\/www.expotransporteperu.com\\\/index.php\\\/solicitud-de-stand\\\/\",\"name\":\"Solicitud de stand - Expotransporte Per\u00fa 2025\",\"isPartOf\":{\"@id\":\"https:\\\/\\\/www.expotransporteperu.com\\\/#website\"},\"datePublished\":\"2023-11-27T23:02:20+00:00\",\"dateModified\":\"2025-07-03T13:53:10+00:00\",\"breadcrumb\":{\"@id\":\"https:\\\/\\\/www.expotransporteperu.com\\\/index.php\\\/solicitud-de-stand\\\/#breadcrumb\"},\"inLanguage\":\"es\",\"potentialAction\":[{\"@type\":\"ReadAction\",\"target\":[\"https:\\\/\\\/www.expotransporteperu.com\\\/index.php\\\/solicitud-de-stand\\\/\"]}]},{\"@type\":\"BreadcrumbList\",\"@id\":\"https:\\\/\\\/www.expotransporteperu.com\\\/index.php\\\/solicitud-de-stand\\\/#breadcrumb\",\"itemListElement\":[{\"@type\":\"ListItem\",\"position\":1,\"name\":\"Portada\",\"item\":\"https:\\\/\\\/www.expotransporteperu.com\\\/\"},{\"@type\":\"ListItem\",\"position\":2,\"name\":\"Solicitud de stand\"}]},{\"@type\":\"WebSite\",\"@id\":\"https:\\\/\\\/www.expotransporteperu.com\\\/#website\",\"url\":\"https:\\\/\\\/www.expotransporteperu.com\\\/\",\"name\":\"Expotransporte Per\u00fa 2025\",\"description\":\"22 y 23 de mayo del 2025 | Villa Ferial, Lima\",\"publisher\":{\"@id\":\"https:\\\/\\\/www.expotransporteperu.com\\\/#organization\"},\"potentialAction\":[{\"@type\":\"SearchAction\",\"target\":{\"@type\":\"EntryPoint\",\"urlTemplate\":\"https:\\\/\\\/www.expotransporteperu.com\\\/?s={search_term_string}\"},\"query-input\":{\"@type\":\"PropertyValueSpecification\",\"valueRequired\":true,\"valueName\":\"search_term_string\"}}],\"inLanguage\":\"es\"},{\"@type\":\"Organization\",\"@id\":\"https:\\\/\\\/www.expotransporteperu.com\\\/#organization\",\"name\":\"AltFuels Communication Group\",\"url\":\"https:\\\/\\\/www.expotransporteperu.com\\\/\",\"logo\":{\"@type\":\"ImageObject\",\"inLanguage\":\"es\",\"@id\":\"https:\\\/\\\/www.expotransporteperu.com\\\/#\\\/schema\\\/logo\\\/image\\\/\",\"url\":\"https:\\\/\\\/www.expotransporteperu.com\\\/wp-content\\\/uploads\\\/2024\\\/08\\\/ExpoTransporte-2025.png\",\"contentUrl\":\"https:\\\/\\\/www.expotransporteperu.com\\\/wp-content\\\/uploads\\\/2024\\\/08\\\/ExpoTransporte-2025.png\",\"width\":1980,\"height\":1974,\"caption\":\"AltFuels Communication Group\"},\"image\":{\"@id\":\"https:\\\/\\\/www.expotransporteperu.com\\\/#\\\/schema\\\/logo\\\/image\\\/\"}}]}<\/script>\n<!-- \/ Yoast SEO plugin. -->","yoast_head_json":{"title":"Solicitud de stand - Expotransporte Per\u00fa 2025","robots":{"index":"index","follow":"follow","max-snippet":"max-snippet:-1","max-image-preview":"max-image-preview:large","max-video-preview":"max-video-preview:-1"},"canonical":"https:\/\/www.expotransporteperu.com\/index.php\/solicitud-de-stand\/","og_locale":"es_ES","og_type":"article","og_title":"Solicitud de stand - Expotransporte Per\u00fa 2025","og_description":"\u00a1Inscripciones cerradas! Gracias por tu inter\u00e9s en participar. Los esperamos en el Complejo Ferial Villa, Lima, en el horario del evento: 3 y&nbsp;4 de julio de 1 p.m. a 8 p.m. Pod\u00e9s consultar la agenda completa y ver el mapa de exhibici\u00f3n. \u00a0 No Miembros ANATEC Miembros ANATEC \u00c1rea libre* U$S 360.- U$S 260.- Armado&hellip;","og_url":"https:\/\/www.expotransporteperu.com\/index.php\/solicitud-de-stand\/","og_site_name":"Expotransporte Per\u00fa 2025","article_modified_time":"2025-07-03T13:53:10+00:00","twitter_card":"summary_large_image","twitter_misc":{"Tiempo de lectura":"2 minutos"},"schema":{"@context":"https:\/\/schema.org","@graph":[{"@type":"WebPage","@id":"https:\/\/www.expotransporteperu.com\/index.php\/solicitud-de-stand\/","url":"https:\/\/www.expotransporteperu.com\/index.php\/solicitud-de-stand\/","name":"Solicitud de stand - Expotransporte Per\u00fa 2025","isPartOf":{"@id":"https:\/\/www.expotransporteperu.com\/#website"},"datePublished":"2023-11-27T23:02:20+00:00","dateModified":"2025-07-03T13:53:10+00:00","breadcrumb":{"@id":"https:\/\/www.expotransporteperu.com\/index.php\/solicitud-de-stand\/#breadcrumb"},"inLanguage":"es","potentialAction":[{"@type":"ReadAction","target":["https:\/\/www.expotransporteperu.com\/index.php\/solicitud-de-stand\/"]}]},{"@type":"BreadcrumbList","@id":"https:\/\/www.expotransporteperu.com\/index.php\/solicitud-de-stand\/#breadcrumb","itemListElement":[{"@type":"ListItem","position":1,"name":"Portada","item":"https:\/\/www.expotransporteperu.com\/"},{"@type":"ListItem","position":2,"name":"Solicitud de stand"}]},{"@type":"WebSite","@id":"https:\/\/www.expotransporteperu.com\/#website","url":"https:\/\/www.expotransporteperu.com\/","name":"Expotransporte Per\u00fa 2025","description":"22 y 23 de mayo del 2025 | Villa Ferial, Lima","publisher":{"@id":"https:\/\/www.expotransporteperu.com\/#organization"},"potentialAction":[{"@type":"SearchAction","target":{"@type":"EntryPoint","urlTemplate":"https:\/\/www.expotransporteperu.com\/?s={search_term_string}"},"query-input":{"@type":"PropertyValueSpecification","valueRequired":true,"valueName":"search_term_string"}}],"inLanguage":"es"},{"@type":"Organization","@id":"https:\/\/www.expotransporteperu.com\/#organization","name":"AltFuels Communication Group","url":"https:\/\/www.expotransporteperu.com\/","logo":{"@type":"ImageObject","inLanguage":"es","@id":"https:\/\/www.expotransporteperu.com\/#\/schema\/logo\/image\/","url":"https:\/\/www.expotransporteperu.com\/wp-content\/uploads\/2024\/08\/ExpoTransporte-2025.png","contentUrl":"https:\/\/www.expotransporteperu.com\/wp-content\/uploads\/2024\/08\/ExpoTransporte-2025.png","width":1980,"height":1974,"caption":"AltFuels Communication Group"},"image":{"@id":"https:\/\/www.expotransporteperu.com\/#\/schema\/logo\/image\/"}}]}},"_links":{"self":[{"href":"https:\/\/www.expotransporteperu.com\/index.php\/wp-json\/wp\/v2\/pages\/11373","targetHints":{"allow":["GET"]}}],"collection":[{"href":"https:\/\/www.expotransporteperu.com\/index.php\/wp-json\/wp\/v2\/pages"}],"about":[{"href":"https:\/\/www.expotransporteperu.com\/index.php\/wp-json\/wp\/v2\/types\/page"}],"author":[{"embeddable":true,"href":"https:\/\/www.expotransporteperu.com\/index.php\/wp-json\/wp\/v2\/users\/2"}],"replies":[{"embeddable":true,"href":"https:\/\/www.expotransporteperu.com\/index.php\/wp-json\/wp\/v2\/comments?post=11373"}],"version-history":[{"count":11,"href":"https:\/\/www.expotransporteperu.com\/index.php\/wp-json\/wp\/v2\/pages\/11373\/revisions"}],"predecessor-version":[{"id":14776,"href":"https:\/\/www.expotransporteperu.com\/index.php\/wp-json\/wp\/v2\/pages\/11373\/revisions\/14776"}],"wp:attachment":[{"href":"https:\/\/www.expotransporteperu.com\/index.php\/wp-json\/wp\/v2\/media?parent=11373"}],"curies":[{"name":"wp","href":"https:\/\/api.w.org\/{rel}","templated":true}]}}