{"id":11274,"date":"2023-11-27T15:30:51","date_gmt":"2023-11-27T18:30:51","guid":{"rendered":"https:\/\/www.expotransporteperu.com\/?page_id=11274"},"modified":"2025-07-02T12:12:28","modified_gmt":"2025-07-02T15:12:28","slug":"agenda","status":"publish","type":"page","link":"https:\/\/www.expotransporteperu.com\/index.php\/agenda\/","title":{"rendered":"Agenda preliminar"},"content":{"rendered":"\t\t<div data-elementor-type=\"wp-page\" data-elementor-id=\"11274\" class=\"elementor elementor-11274\" data-elementor-post-type=\"page\">\n\t\t\t\t<div class=\"elementor-element elementor-element-8bd5562 e-flex e-con-boxed e-con e-parent\" data-id=\"8bd5562\" data-element_type=\"container\" data-e-type=\"container\">\n\t\t\t\t\t<div class=\"e-con-inner\">\n\t\t\t\t<div class=\"elementor-element elementor-element-4c97192 elementor-widget elementor-widget-the7-heading\" data-id=\"4c97192\" data-element_type=\"widget\" data-e-type=\"widget\" data-widget_type=\"the7-heading.default\">\n\t\t\t\t<div class=\"elementor-widget-container\">\n\t\t\t\t\t<h2 class=\"the7-heading-title elementor-size-default\">\u201cA\u00f1o de la recuperaci\u00f3n y consolidaci\u00f3n de la econom\u00eda peruana\u201d<\/h2>\t\t\t\t<\/div>\n\t\t\t\t<\/div>\n\t\t\t\t<div class=\"elementor-element elementor-element-f41048b elementor-widget elementor-widget-heading\" data-id=\"f41048b\" data-element_type=\"widget\" data-e-type=\"widget\" data-widget_type=\"heading.default\">\n\t\t\t\t<div class=\"elementor-widget-container\">\n\t\t\t\t\t<h2 class=\"elementor-heading-title elementor-size-default\"><b>Congreso:<\/b> \u201cVisi\u00f3n 2030: Desaf\u00edos del Transporte Terrestre de Carga: \nHacia la diversificaci\u00f3n energ\u00e9tica y competitividad internacional\u201d.<\/h2>\t\t\t\t<\/div>\n\t\t\t\t<\/div>\n\t\t\t\t<div class=\"elementor-element elementor-element-28ee63f elementor-widget elementor-widget-text-editor\" data-id=\"28ee63f\" data-element_type=\"widget\" data-e-type=\"widget\" data-widget_type=\"text-editor.default\">\n\t\t\t\t<div class=\"elementor-widget-container\">\n\t\t\t\t\t\t\t\t\t<p><strong>Lugar:<\/strong> <strong>Feria Expotransporte \/ Altfuels Per\u00fa<\/strong> (Complejo Ferial Villa) 2025 <br \/><strong>Fecha:<\/strong> 03 de Julio 2025<br \/><strong>Horario:<\/strong> 2 p.m. a 8 p.m.<\/p>\t\t\t\t\t\t\t\t<\/div>\n\t\t\t\t<\/div>\n\t\t\t\t<div class=\"elementor-element elementor-element-432a529 elementor-widget elementor-widget-text-editor\" data-id=\"432a529\" data-element_type=\"widget\" data-e-type=\"widget\" data-widget_type=\"text-editor.default\">\n\t\t\t\t<div class=\"elementor-widget-container\">\n\t\t\t\t\t\t\t\t\t<h5>2:00 P.M. Palabras de Bienvenida<\/h5>\nA cargo del Director de Altfuels Comm Group, Sr. Alejandro Gardella.\n\n&nbsp;\n<h5>2:15 P.M. Alianza por un futuro Sustentable y Eficiente del transporte en el Per\u00fa<\/h5>\n<strong>Expositor:<\/strong> Edwin Derteano &#8211; Presidente Alianza Empresarial de transportes de carga y pasajeros.\n\n<strong>Panelistas:<\/strong>\n<ul>\n \t<li>Bruno Aberasturi Seoane &#8211; Presidente de Anatec<\/li>\n \t<li>Jose Carlos Armas Solf &#8211; Presidente de la Asociaci\u00f3n Peruana de Gas y combustibles Alternativos<\/li>\n \t<li>Eduardo Camac &#8211; Presidente de la Asociaci\u00f3n Peruana de Hidr\u00f3geno<\/li>\n \t<li>Rocio Zorrilla Hiraoka &#8211; Vicepresidenta Asociaci\u00f3n de Grifos y Estaciones de Servicio (GESP)<\/li>\n \t<li>Ellioth Tarazona &#8211; Gerente t\u00e9cnico Asociaci\u00f3n Automotriz del Per\u00fa<\/li>\n<\/ul>\n<strong>Moderador:<\/strong> Daniel Morey del Castillo &#8211; Gerente general Grupo T\u00e9mpano\n\n&nbsp;\n<h5>3:00 P.M. Exposici\u00f3n Calidda<\/h5>\n&nbsp;\n<h5>3:15 P.M. Uso del GNL en el transporte terrestre de carga y pasajeros: infraestructura y viabilidad<\/h5>\n<strong>Expositora:<\/strong> Dra. Iris C\u00e1rdenas Pino &#8211; Viceministra de Hidrocarburos, Ministerio de Energ\u00eda y Minas\n\n<strong>Panelistas:<\/strong>\n<ul>\n \t<li>Aldo Romero Pastor &#8211; Gerente Comercial de Eva-Energy<\/li>\n \t<li>Eduardo Azama Kiyan &#8211; Director Anatec<\/li>\n \t<li>Walter Espinoza &#8211; Experto en hidrocarburos<\/li>\n \t<li>Roberto Rossi &#8211; Gerente de Camiones San Bartolom\u00e9<\/li>\n<\/ul>\n<strong>Moderador:<\/strong> Arturo Vargas Romero &#8211; Director del Comit\u00e9 de Energ\u00eda y Combustibles de ANATEC\n\n&nbsp;\n<h5>4:00 P.M. Exposici\u00f3n Eva-Energy<\/h5>\n&nbsp;\n<h5>4:20 P.M. Rentabilidad y Desempe\u00f1o de los camiones a gas<\/h5>\n<strong>Expositor:<\/strong> Ing. Deyvi L\u00f3pez &#8211; Secretario Junta Directiva CIME\n\n<strong>Panelistas:<\/strong>\n<ul>\n \t<li>Jaime Aguilar Canales &#8211; Subgerente de Camiones Pesados<\/li>\n \t<li>Ing. Jos\u00e9 Luis Reynoso &#8211; Especialista en Gas Natural Vehicular, Asesor T\u00e9cnico Ministerio de Transportes<\/li>\n \t<li>Luis Barthe &#8211; Gerente General Sol del Pac\u00edfico<\/li>\n \t<li>Elionel Zapata Ore &#8211; Jefe Comercial de Estaciones de Energigas<\/li>\n<\/ul>\n<strong>Moderador:<\/strong> Luis Sanchez Laura &#8211; Gerente de Negocios Camiones Sinotruk\n\n&nbsp;\n<h5>5:00 P.M. Exposici\u00f3n San Bartolom\u00e9<\/h5>\n&nbsp;\n<h5>5:15 P.M. Hoja de ruta para el desarrollo del transporte terrestre de carga<\/h5>\n<strong>Expositor:<\/strong> Dr. Lino de la Barrera Laca\n\n<strong>Panelistas:<\/strong>\n<ul>\n \t<li>Dr. Abel Alvarado &#8211; Superintendente de Sutran<\/li>\n \t<li>Ing. John Vega Vasquez &#8211; Jefe de Contratos Red Vial Ositran<\/li>\n \t<li>Representante del Ministerio de Transportes y Comunicaciones<\/li>\n \t<li>Bruno Aberasturi Seoane &#8211; Presidente de Anatec<\/li>\n<\/ul>\n<strong>Moderador:<\/strong> Mag. Nilo Espinoza Morales &#8211; Especialista en Transporte y Seguridad Vial, Gobierno Regional del Callao\n\n&nbsp;\n<h5>6:00 P.M. Exposici\u00f3n Tractocamiones USA<\/h5>\n&nbsp;\n<h5>7:00 P.M. Inauguraci\u00f3n<\/h5>\nA cargo del Dr. Abel Alvarado Huertas &#8211; Superintendente de Sutran\n\n&nbsp;\n<h5>Brindis de honor<\/h5>\t\t\t\t\t\t\t\t<\/div>\n\t\t\t\t<\/div>\n\t\t\t\t\t<\/div>\n\t\t\t\t<\/div>\n\t\t\t\t<\/div>\n\t\t","protected":false},"excerpt":{"rendered":"<p>\u201cA\u00f1o de la recuperaci\u00f3n y consolidaci\u00f3n de la econom\u00eda peruana\u201d Congreso: \u201cVisi\u00f3n 2030: Desaf\u00edos del Transporte Terrestre de Carga: Hacia la diversificaci\u00f3n energ\u00e9tica y competitividad internacional\u201d. Lugar: Feria Expotransporte \/ Altfuels Per\u00fa (Complejo Ferial Villa) 2025 Fecha: 03 de Julio 2025Horario: 2 p.m. a 8 p.m. 2:00 P.M. Palabras de Bienvenida A cargo del Director&hellip;<\/p>\n","protected":false},"author":2,"featured_media":0,"parent":0,"menu_order":0,"comment_status":"closed","ping_status":"closed","template":"","meta":{"footnotes":""},"class_list":["post-11274","page","type-page","status-publish","hentry"],"yoast_head":"<!-- This site is optimized with the Yoast SEO plugin v27.6 - https:\/\/yoast.com\/product\/yoast-seo-wordpress\/ -->\n<title>Agenda preliminar - Expotransporte Per\u00fa 2025<\/title>\n<meta name=\"robots\" content=\"index, follow, max-snippet:-1, max-image-preview:large, max-video-preview:-1\" \/>\n<link rel=\"canonical\" href=\"https:\/\/www.expotransporteperu.com\/index.php\/agenda\/\" \/>\n<meta property=\"og:locale\" content=\"es_ES\" \/>\n<meta property=\"og:type\" content=\"article\" \/>\n<meta property=\"og:title\" content=\"Agenda preliminar - Expotransporte Per\u00fa 2025\" \/>\n<meta property=\"og:description\" content=\"\u201cA\u00f1o de la recuperaci\u00f3n y consolidaci\u00f3n de la econom\u00eda peruana\u201d Congreso: \u201cVisi\u00f3n 2030: Desaf\u00edos del Transporte Terrestre de Carga: Hacia la diversificaci\u00f3n energ\u00e9tica y competitividad internacional\u201d. Lugar: Feria Expotransporte \/ Altfuels Per\u00fa (Complejo Ferial Villa) 2025 Fecha: 03 de Julio 2025Horario: 2 p.m. a 8 p.m. 2:00 P.M. Palabras de Bienvenida A cargo del Director&hellip;\" \/>\n<meta property=\"og:url\" content=\"https:\/\/www.expotransporteperu.com\/index.php\/agenda\/\" \/>\n<meta property=\"og:site_name\" content=\"Expotransporte Per\u00fa 2025\" \/>\n<meta property=\"article:modified_time\" content=\"2025-07-02T15:12:28+00:00\" \/>\n<meta name=\"twitter:card\" content=\"summary_large_image\" \/>\n<meta name=\"twitter:label1\" content=\"Tiempo de lectura\" \/>\n\t<meta name=\"twitter:data1\" content=\"2 minutos\" \/>\n<script type=\"application\/ld+json\" class=\"yoast-schema-graph\">{\"@context\":\"https:\\\/\\\/schema.org\",\"@graph\":[{\"@type\":\"WebPage\",\"@id\":\"https:\\\/\\\/www.expotransporteperu.com\\\/index.php\\\/agenda\\\/\",\"url\":\"https:\\\/\\\/www.expotransporteperu.com\\\/index.php\\\/agenda\\\/\",\"name\":\"Agenda preliminar - Expotransporte Per\u00fa 2025\",\"isPartOf\":{\"@id\":\"https:\\\/\\\/www.expotransporteperu.com\\\/#website\"},\"datePublished\":\"2023-11-27T18:30:51+00:00\",\"dateModified\":\"2025-07-02T15:12:28+00:00\",\"breadcrumb\":{\"@id\":\"https:\\\/\\\/www.expotransporteperu.com\\\/index.php\\\/agenda\\\/#breadcrumb\"},\"inLanguage\":\"es\",\"potentialAction\":[{\"@type\":\"ReadAction\",\"target\":[\"https:\\\/\\\/www.expotransporteperu.com\\\/index.php\\\/agenda\\\/\"]}]},{\"@type\":\"BreadcrumbList\",\"@id\":\"https:\\\/\\\/www.expotransporteperu.com\\\/index.php\\\/agenda\\\/#breadcrumb\",\"itemListElement\":[{\"@type\":\"ListItem\",\"position\":1,\"name\":\"Portada\",\"item\":\"https:\\\/\\\/www.expotransporteperu.com\\\/\"},{\"@type\":\"ListItem\",\"position\":2,\"name\":\"Agenda preliminar\"}]},{\"@type\":\"WebSite\",\"@id\":\"https:\\\/\\\/www.expotransporteperu.com\\\/#website\",\"url\":\"https:\\\/\\\/www.expotransporteperu.com\\\/\",\"name\":\"Expotransporte Per\u00fa 2025\",\"description\":\"22 y 23 de mayo del 2025 | Villa Ferial, Lima\",\"publisher\":{\"@id\":\"https:\\\/\\\/www.expotransporteperu.com\\\/#organization\"},\"potentialAction\":[{\"@type\":\"SearchAction\",\"target\":{\"@type\":\"EntryPoint\",\"urlTemplate\":\"https:\\\/\\\/www.expotransporteperu.com\\\/?s={search_term_string}\"},\"query-input\":{\"@type\":\"PropertyValueSpecification\",\"valueRequired\":true,\"valueName\":\"search_term_string\"}}],\"inLanguage\":\"es\"},{\"@type\":\"Organization\",\"@id\":\"https:\\\/\\\/www.expotransporteperu.com\\\/#organization\",\"name\":\"AltFuels Communication Group\",\"url\":\"https:\\\/\\\/www.expotransporteperu.com\\\/\",\"logo\":{\"@type\":\"ImageObject\",\"inLanguage\":\"es\",\"@id\":\"https:\\\/\\\/www.expotransporteperu.com\\\/#\\\/schema\\\/logo\\\/image\\\/\",\"url\":\"https:\\\/\\\/www.expotransporteperu.com\\\/wp-content\\\/uploads\\\/2024\\\/08\\\/ExpoTransporte-2025.png\",\"contentUrl\":\"https:\\\/\\\/www.expotransporteperu.com\\\/wp-content\\\/uploads\\\/2024\\\/08\\\/ExpoTransporte-2025.png\",\"width\":1980,\"height\":1974,\"caption\":\"AltFuels Communication Group\"},\"image\":{\"@id\":\"https:\\\/\\\/www.expotransporteperu.com\\\/#\\\/schema\\\/logo\\\/image\\\/\"}}]}<\/script>\n<!-- \/ Yoast SEO plugin. -->","yoast_head_json":{"title":"Agenda preliminar - Expotransporte Per\u00fa 2025","robots":{"index":"index","follow":"follow","max-snippet":"max-snippet:-1","max-image-preview":"max-image-preview:large","max-video-preview":"max-video-preview:-1"},"canonical":"https:\/\/www.expotransporteperu.com\/index.php\/agenda\/","og_locale":"es_ES","og_type":"article","og_title":"Agenda preliminar - Expotransporte Per\u00fa 2025","og_description":"\u201cA\u00f1o de la recuperaci\u00f3n y consolidaci\u00f3n de la econom\u00eda peruana\u201d Congreso: \u201cVisi\u00f3n 2030: Desaf\u00edos del Transporte Terrestre de Carga: Hacia la diversificaci\u00f3n energ\u00e9tica y competitividad internacional\u201d. Lugar: Feria Expotransporte \/ Altfuels Per\u00fa (Complejo Ferial Villa) 2025 Fecha: 03 de Julio 2025Horario: 2 p.m. a 8 p.m. 2:00 P.M. Palabras de Bienvenida A cargo del Director&hellip;","og_url":"https:\/\/www.expotransporteperu.com\/index.php\/agenda\/","og_site_name":"Expotransporte Per\u00fa 2025","article_modified_time":"2025-07-02T15:12:28+00:00","twitter_card":"summary_large_image","twitter_misc":{"Tiempo de lectura":"2 minutos"},"schema":{"@context":"https:\/\/schema.org","@graph":[{"@type":"WebPage","@id":"https:\/\/www.expotransporteperu.com\/index.php\/agenda\/","url":"https:\/\/www.expotransporteperu.com\/index.php\/agenda\/","name":"Agenda preliminar - Expotransporte Per\u00fa 2025","isPartOf":{"@id":"https:\/\/www.expotransporteperu.com\/#website"},"datePublished":"2023-11-27T18:30:51+00:00","dateModified":"2025-07-02T15:12:28+00:00","breadcrumb":{"@id":"https:\/\/www.expotransporteperu.com\/index.php\/agenda\/#breadcrumb"},"inLanguage":"es","potentialAction":[{"@type":"ReadAction","target":["https:\/\/www.expotransporteperu.com\/index.php\/agenda\/"]}]},{"@type":"BreadcrumbList","@id":"https:\/\/www.expotransporteperu.com\/index.php\/agenda\/#breadcrumb","itemListElement":[{"@type":"ListItem","position":1,"name":"Portada","item":"https:\/\/www.expotransporteperu.com\/"},{"@type":"ListItem","position":2,"name":"Agenda preliminar"}]},{"@type":"WebSite","@id":"https:\/\/www.expotransporteperu.com\/#website","url":"https:\/\/www.expotransporteperu.com\/","name":"Expotransporte Per\u00fa 2025","description":"22 y 23 de mayo del 2025 | Villa Ferial, Lima","publisher":{"@id":"https:\/\/www.expotransporteperu.com\/#organization"},"potentialAction":[{"@type":"SearchAction","target":{"@type":"EntryPoint","urlTemplate":"https:\/\/www.expotransporteperu.com\/?s={search_term_string}"},"query-input":{"@type":"PropertyValueSpecification","valueRequired":true,"valueName":"search_term_string"}}],"inLanguage":"es"},{"@type":"Organization","@id":"https:\/\/www.expotransporteperu.com\/#organization","name":"AltFuels Communication Group","url":"https:\/\/www.expotransporteperu.com\/","logo":{"@type":"ImageObject","inLanguage":"es","@id":"https:\/\/www.expotransporteperu.com\/#\/schema\/logo\/image\/","url":"https:\/\/www.expotransporteperu.com\/wp-content\/uploads\/2024\/08\/ExpoTransporte-2025.png","contentUrl":"https:\/\/www.expotransporteperu.com\/wp-content\/uploads\/2024\/08\/ExpoTransporte-2025.png","width":1980,"height":1974,"caption":"AltFuels Communication Group"},"image":{"@id":"https:\/\/www.expotransporteperu.com\/#\/schema\/logo\/image\/"}}]}},"_links":{"self":[{"href":"https:\/\/www.expotransporteperu.com\/index.php\/wp-json\/wp\/v2\/pages\/11274","targetHints":{"allow":["GET"]}}],"collection":[{"href":"https:\/\/www.expotransporteperu.com\/index.php\/wp-json\/wp\/v2\/pages"}],"about":[{"href":"https:\/\/www.expotransporteperu.com\/index.php\/wp-json\/wp\/v2\/types\/page"}],"author":[{"embeddable":true,"href":"https:\/\/www.expotransporteperu.com\/index.php\/wp-json\/wp\/v2\/users\/2"}],"replies":[{"embeddable":true,"href":"https:\/\/www.expotransporteperu.com\/index.php\/wp-json\/wp\/v2\/comments?post=11274"}],"version-history":[{"count":10,"href":"https:\/\/www.expotransporteperu.com\/index.php\/wp-json\/wp\/v2\/pages\/11274\/revisions"}],"predecessor-version":[{"id":14660,"href":"https:\/\/www.expotransporteperu.com\/index.php\/wp-json\/wp\/v2\/pages\/11274\/revisions\/14660"}],"wp:attachment":[{"href":"https:\/\/www.expotransporteperu.com\/index.php\/wp-json\/wp\/v2\/media?parent=11274"}],"curies":[{"name":"wp","href":"https:\/\/api.w.org\/{rel}","templated":true}]}}